{"id":6398,"date":"2015-11-04T22:51:42","date_gmt":"2015-11-04T21:51:42","guid":{"rendered":"https:\/\/www.croixblanche.ch\/?page_id=6398&#038;lang=de"},"modified":"2020-01-31T11:24:59","modified_gmt":"2020-01-31T10:24:59","slug":"restaurant-terrasse-murtensee","status":"publish","type":"page","link":"https:\/\/www.croixblanche.ch\/de\/restaurant-terrasse-murtensee\/","title":{"rendered":"TERRASSE"},"content":{"rendered":"<div class=\"wpb-content-wrapper\">[mk_page_section bg_image=&#8220;https:\/\/www.croixblanche.ch\/wp-content\/uploads\/2015\/10\/Restaurant-Hotel-Lac-de-Morat4.jpg&#8220; attachment=&#8220;fixed&#8220; bg_position=&#8220;right top&#8220; bg_repeat=&#8220;no-repeat&#8220; bg_stretch=&#8220;true&#8220; full_height=&#8220;true&#8220; padding_top=&#8220;20&#8243; padding_bottom=&#8220;200&#8243; el_class=&#8220;section1&#8243; sidebar=&#8220;sidebar-1&#8243;][vc_column][mk_padding_divider size=&#8220;140&#8243;][vc_row_inner][vc_column_inner width=&#8220;1\/4&#8243; css=&#8220;.vc_custom_1446317741931{background-color: rgba(215,213,174,0.8) !important;*background-color: rgb(215,213,174) !important;}&#8220;][mk_fancy_title color=&#8220;#000000&#8243; size=&#8220;26&#8243; font_weight=&#8220;bold&#8220; letter_spacing=&#8220;3&#8243; margin_top=&#8220;20&#8243; margin_bottom=&#8220;10&#8243; font_family=&#8220;none&#8220; align=&#8220;center&#8220;]TERRASSE[\/mk_fancy_title][mk_fancy_title color=&#8220;#000000&#8243; font_weight=&#8220;300&#8243; margin_bottom=&#8220;10&#8243; font_family=&#8220;none&#8220; align=&#8220;center&#8220;]\n<p style=\"text-align: left;\">Im Sommer l\u00e4sst es sich in unserem sch\u00f6nen Garten bis in die sp\u00e4ten Abendstunden angenehm verweilen.<\/p>\n<p style=\"text-align: left;\">Geniessen Sie K\u00fcche und Keller mit Blick durch Kastanienb\u00e4ume hinweg zum Jura.<\/p>\n[\/mk_fancy_title][mk_padding_divider size=&#8220;10&#8243;][\/vc_column_inner][vc_column_inner width=&#8220;1\/2&#8243;][\/vc_column_inner][vc_column_inner width=&#8220;1\/4&#8243;][\/vc_column_inner][\/vc_row_inner][\/vc_column][\/mk_page_section]\n<\/div>","protected":false},"excerpt":{"rendered":"<p>[mk_page_section bg_image=&#8220;https:\/\/www.croixblanche.ch\/wp-content\/uploads\/2015\/10\/Restaurant-Hotel-Lac-de-Morat4.jpg&#8220; attachment=&#8220;fixed&#8220; bg_position=&#8220;right top&#8220; bg_repeat=&#8220;no-repeat&#8220; bg_stretch=&#8220;true&#8220; full_height=&#8220;true&#8220; padding_top=&#8220;20&#8243; padding_bottom=&#8220;200&#8243; el_class=&#8220;section1&#8243; sidebar=&#8220;sidebar-1&#8243;][vc_column][mk_padding_divider size=&#8220;140&#8243;][vc_row_inner][vc_column_inner width=&#8220;1\/4&#8243; css=&#8220;.vc_custom_1446317741931{background-color: rgba(215,213,174,0.8) !important;*background-color: rgb(215,213,174) !important;}&#8220;][mk_fancy_title color=&#8220;#000000&#8243; size=&#8220;26&#8243; font_weight=&#8220;bold&#8220; letter_spacing=&#8220;3&#8243; margin_top=&#8220;20&#8243; margin_bottom=&#8220;10&#8243; font_family=&#8220;none&#8220; align=&#8220;center&#8220;]TERRASSE[\/mk_fancy_title][mk_fancy_title color=&#8220;#000000&#8243; font_weight=&#8220;300&#8243; margin_bottom=&#8220;10&#8243; font_family=&#8220;none&#8220; align=&#8220;center&#8220;] Im Sommer l\u00e4sst es sich in unserem sch\u00f6nen Garten bis in die sp\u00e4ten Abendstunden angenehm verweilen. Geniessen Sie K\u00fcche und Keller mit Blick [&hellip;]<\/p>\n","protected":false},"author":1,"featured_media":0,"parent":0,"menu_order":0,"comment_status":"closed","ping_status":"closed","template":"","meta":{"footnotes":""},"class_list":["post-6398","page","type-page","status-publish","hentry"],"yoast_head":"<!-- This site is optimized with the Yoast SEO plugin v26.9 - https:\/\/yoast.com\/product\/yoast-seo-wordpress\/ -->\n<title>La Croix Blanche | Restaurant mit terrasse Murtensee<\/title>\n<meta name=\"description\" content=\"La Croix Blanche | Unser Restaurant oberhalb vom Murtensee verf\u00fcgt im Sommer \u00fcber eine herrliche Terrasse im Schatten von Kastanienb\u00e4umen.\" \/>\n<meta name=\"robots\" content=\"index, follow, max-snippet:-1, max-image-preview:large, max-video-preview:-1\" \/>\n<link rel=\"canonical\" href=\"https:\/\/www.croixblanche.ch\/de\/restaurant-terrasse-murtensee\/\" \/>\n<meta property=\"og:locale\" content=\"de_DE\" \/>\n<meta property=\"og:type\" content=\"article\" \/>\n<meta property=\"og:title\" content=\"La Croix Blanche | Restaurant mit terrasse Murtensee\" \/>\n<meta property=\"og:description\" content=\"La Croix Blanche | Unser Restaurant oberhalb vom Murtensee verf\u00fcgt im Sommer \u00fcber eine herrliche Terrasse im Schatten von Kastanienb\u00e4umen.\" \/>\n<meta property=\"og:url\" content=\"https:\/\/www.croixblanche.ch\/de\/restaurant-terrasse-murtensee\/\" \/>\n<meta property=\"og:site_name\" content=\"Auberge de la Croix Blanche\" \/>\n<meta property=\"article:modified_time\" content=\"2020-01-31T10:24:59+00:00\" \/>\n<meta name=\"twitter:card\" content=\"summary_large_image\" \/>\n<meta name=\"twitter:label1\" content=\"Gesch\u00e4tzte Lesezeit\" \/>\n\t<meta name=\"twitter:data1\" content=\"1\u00a0Minute\" \/>\n<script type=\"application\/ld+json\" class=\"yoast-schema-graph\">{\"@context\":\"https:\/\/schema.org\",\"@graph\":[{\"@type\":\"WebPage\",\"@id\":\"https:\/\/www.croixblanche.ch\/de\/restaurant-terrasse-murtensee\/\",\"url\":\"https:\/\/www.croixblanche.ch\/de\/restaurant-terrasse-murtensee\/\",\"name\":\"La Croix Blanche | Restaurant mit terrasse Murtensee\",\"isPartOf\":{\"@id\":\"https:\/\/www.croixblanche.ch\/#website\"},\"datePublished\":\"2015-11-04T21:51:42+00:00\",\"dateModified\":\"2020-01-31T10:24:59+00:00\",\"description\":\"La Croix Blanche | Unser Restaurant oberhalb vom Murtensee verf\u00fcgt im Sommer \u00fcber eine herrliche Terrasse im Schatten von Kastanienb\u00e4umen.\",\"breadcrumb\":{\"@id\":\"https:\/\/www.croixblanche.ch\/de\/restaurant-terrasse-murtensee\/#breadcrumb\"},\"inLanguage\":\"de\",\"potentialAction\":[{\"@type\":\"ReadAction\",\"target\":[\"https:\/\/www.croixblanche.ch\/de\/restaurant-terrasse-murtensee\/\"]}]},{\"@type\":\"BreadcrumbList\",\"@id\":\"https:\/\/www.croixblanche.ch\/de\/restaurant-terrasse-murtensee\/#breadcrumb\",\"itemListElement\":[{\"@type\":\"ListItem\",\"position\":1,\"name\":\"Accueil\",\"item\":\"https:\/\/www.croixblanche.ch\/de\/\"},{\"@type\":\"ListItem\",\"position\":2,\"name\":\"TERRASSE\"}]},{\"@type\":\"WebSite\",\"@id\":\"https:\/\/www.croixblanche.ch\/#website\",\"url\":\"https:\/\/www.croixblanche.ch\/\",\"name\":\"Auberge de la Croix Blanche\",\"description\":\"Hotel et Restaurant Lac de Morat\",\"publisher\":{\"@id\":\"https:\/\/www.croixblanche.ch\/#organization\"},\"potentialAction\":[{\"@type\":\"SearchAction\",\"target\":{\"@type\":\"EntryPoint\",\"urlTemplate\":\"https:\/\/www.croixblanche.ch\/?s={search_term_string}\"},\"query-input\":{\"@type\":\"PropertyValueSpecification\",\"valueRequired\":true,\"valueName\":\"search_term_string\"}}],\"inLanguage\":\"de\"},{\"@type\":\"Organization\",\"@id\":\"https:\/\/www.croixblanche.ch\/#organization\",\"name\":\"Auberge de la Croix Blanche\",\"url\":\"https:\/\/www.croixblanche.ch\/\",\"logo\":{\"@type\":\"ImageObject\",\"inLanguage\":\"de\",\"@id\":\"https:\/\/www.croixblanche.ch\/#\/schema\/logo\/image\/\",\"url\":\"https:\/\/www.croixblanche.ch\/wp-content\/uploads\/2022\/02\/logo.png\",\"contentUrl\":\"https:\/\/www.croixblanche.ch\/wp-content\/uploads\/2022\/02\/logo.png\",\"width\":546,\"height\":200,\"caption\":\"Auberge de la Croix Blanche\"},\"image\":{\"@id\":\"https:\/\/www.croixblanche.ch\/#\/schema\/logo\/image\/\"}}]}<\/script>\n<!-- \/ Yoast SEO plugin. -->","yoast_head_json":{"title":"La Croix Blanche | Restaurant mit terrasse Murtensee","description":"La Croix Blanche | Unser Restaurant oberhalb vom Murtensee verf\u00fcgt im Sommer \u00fcber eine herrliche Terrasse im Schatten von Kastanienb\u00e4umen.","robots":{"index":"index","follow":"follow","max-snippet":"max-snippet:-1","max-image-preview":"max-image-preview:large","max-video-preview":"max-video-preview:-1"},"canonical":"https:\/\/www.croixblanche.ch\/de\/restaurant-terrasse-murtensee\/","og_locale":"de_DE","og_type":"article","og_title":"La Croix Blanche | Restaurant mit terrasse Murtensee","og_description":"La Croix Blanche | Unser Restaurant oberhalb vom Murtensee verf\u00fcgt im Sommer \u00fcber eine herrliche Terrasse im Schatten von Kastanienb\u00e4umen.","og_url":"https:\/\/www.croixblanche.ch\/de\/restaurant-terrasse-murtensee\/","og_site_name":"Auberge de la Croix Blanche","article_modified_time":"2020-01-31T10:24:59+00:00","twitter_card":"summary_large_image","twitter_misc":{"Gesch\u00e4tzte Lesezeit":"1\u00a0Minute"},"schema":{"@context":"https:\/\/schema.org","@graph":[{"@type":"WebPage","@id":"https:\/\/www.croixblanche.ch\/de\/restaurant-terrasse-murtensee\/","url":"https:\/\/www.croixblanche.ch\/de\/restaurant-terrasse-murtensee\/","name":"La Croix Blanche | Restaurant mit terrasse Murtensee","isPartOf":{"@id":"https:\/\/www.croixblanche.ch\/#website"},"datePublished":"2015-11-04T21:51:42+00:00","dateModified":"2020-01-31T10:24:59+00:00","description":"La Croix Blanche | Unser Restaurant oberhalb vom Murtensee verf\u00fcgt im Sommer \u00fcber eine herrliche Terrasse im Schatten von Kastanienb\u00e4umen.","breadcrumb":{"@id":"https:\/\/www.croixblanche.ch\/de\/restaurant-terrasse-murtensee\/#breadcrumb"},"inLanguage":"de","potentialAction":[{"@type":"ReadAction","target":["https:\/\/www.croixblanche.ch\/de\/restaurant-terrasse-murtensee\/"]}]},{"@type":"BreadcrumbList","@id":"https:\/\/www.croixblanche.ch\/de\/restaurant-terrasse-murtensee\/#breadcrumb","itemListElement":[{"@type":"ListItem","position":1,"name":"Accueil","item":"https:\/\/www.croixblanche.ch\/de\/"},{"@type":"ListItem","position":2,"name":"TERRASSE"}]},{"@type":"WebSite","@id":"https:\/\/www.croixblanche.ch\/#website","url":"https:\/\/www.croixblanche.ch\/","name":"Auberge de la Croix Blanche","description":"Hotel et Restaurant Lac de Morat","publisher":{"@id":"https:\/\/www.croixblanche.ch\/#organization"},"potentialAction":[{"@type":"SearchAction","target":{"@type":"EntryPoint","urlTemplate":"https:\/\/www.croixblanche.ch\/?s={search_term_string}"},"query-input":{"@type":"PropertyValueSpecification","valueRequired":true,"valueName":"search_term_string"}}],"inLanguage":"de"},{"@type":"Organization","@id":"https:\/\/www.croixblanche.ch\/#organization","name":"Auberge de la Croix Blanche","url":"https:\/\/www.croixblanche.ch\/","logo":{"@type":"ImageObject","inLanguage":"de","@id":"https:\/\/www.croixblanche.ch\/#\/schema\/logo\/image\/","url":"https:\/\/www.croixblanche.ch\/wp-content\/uploads\/2022\/02\/logo.png","contentUrl":"https:\/\/www.croixblanche.ch\/wp-content\/uploads\/2022\/02\/logo.png","width":546,"height":200,"caption":"Auberge de la Croix Blanche"},"image":{"@id":"https:\/\/www.croixblanche.ch\/#\/schema\/logo\/image\/"}}]}},"_links":{"self":[{"href":"https:\/\/www.croixblanche.ch\/de\/wp-json\/wp\/v2\/pages\/6398","targetHints":{"allow":["GET"]}}],"collection":[{"href":"https:\/\/www.croixblanche.ch\/de\/wp-json\/wp\/v2\/pages"}],"about":[{"href":"https:\/\/www.croixblanche.ch\/de\/wp-json\/wp\/v2\/types\/page"}],"author":[{"embeddable":true,"href":"https:\/\/www.croixblanche.ch\/de\/wp-json\/wp\/v2\/users\/1"}],"replies":[{"embeddable":true,"href":"https:\/\/www.croixblanche.ch\/de\/wp-json\/wp\/v2\/comments?post=6398"}],"version-history":[{"count":11,"href":"https:\/\/www.croixblanche.ch\/de\/wp-json\/wp\/v2\/pages\/6398\/revisions"}],"predecessor-version":[{"id":7291,"href":"https:\/\/www.croixblanche.ch\/de\/wp-json\/wp\/v2\/pages\/6398\/revisions\/7291"}],"wp:attachment":[{"href":"https:\/\/www.croixblanche.ch\/de\/wp-json\/wp\/v2\/media?parent=6398"}],"curies":[{"name":"wp","href":"https:\/\/api.w.org\/{rel}","templated":true}]}}