{"id":6393,"date":"2015-11-04T22:41:33","date_gmt":"2015-11-04T21:41:33","guid":{"rendered":"https:\/\/www.croixblanche.ch\/?page_id=6393&#038;lang=de"},"modified":"2026-04-16T16:47:07","modified_gmt":"2026-04-16T15:47:07","slug":"gourmet-restaurant-murtensee","status":"publish","type":"page","link":"https:\/\/www.croixblanche.ch\/de\/gourmet-restaurant-murtensee\/","title":{"rendered":"Restaurant"},"content":{"rendered":"<div class=\"wpb-content-wrapper\">[mk_page_section bg_image=&#8220;https:\/\/www.croixblanche.ch\/wp-content\/uploads\/2015\/10\/gourmet-restaurant-murtensee4.jpg&#8220; attachment=&#8220;fixed&#8220; bg_position=&#8220;rechts oben&#8220; bg_repeat=&#8220;no-repeat&#8220; bg_stretch=&#8220;true&#8220; full_height=&#8220;true&#8220; padding_top=&#8220;20&#8243; padding_bottom=&#8220;200&#8243; el_class=&#8220;section1&#8243; sidebar=&#8220;sidebar-1&#8243;][vc_column][mk_padding_divider size=&#8220;140&#8243;][vc_row_inner][vc_column_inner width=&#8220;1\/4&#8243; css=&#8220;.vc_custom_1446317741931{background-color: rgba(215,213,174,0.8) !important;*background-color: rgb(215,213,174) !important;}&#8220;][mk_fancy_title color=&#8220;#000000&#8243; size=&#8220;26&#8243; font_weight=&#8220;bold&#8220; letter_spacing=&#8220;3&#8243; margin_top=&#8220;20&#8243; margin_bottom=&#8220;6&#8243; font_family=&#8220;none&#8220; align=&#8220;center&#8220;] RESTAURANT[\/mk_fancy_title][mk_fancy_title color=&#8220;#000000&#8243; font_weight=&#8220;300&#8243; margin_bottom=&#8220;6&#8243; font_family=&#8220;keine&#8220;]Die l\u00e4ndliche Gem\u00fctlichkeit in unserem stilvollen Restaurant, erm\u00f6glicht den Genuss kulinarischer K\u00f6stlichkeiten in entspannter Atmosph\u00e4re .<\/p>\n<p>Ausschliesslich saisonale und Marktfrische Produkte, weitgehend aus der Region, finden Ihren Weg in unsere K\u00fcche, und werden mit Liebe zu fantasievollen Gerichten verarbeitet. [\/mk_fancy_title][mk_button dimension=&#8220;flat&#8220; letter_spacing=&#8220;0&#8243; url=&#8220;https:\/\/www.croixblanche.ch\/wp-content\/uploads\/2026\/04\/speisekart-deutsch-4.26.pdf&#8220; target=&#8220;_blank&#8220; align=&#8220;center&#8220; button_custom_width=&#8220;0&#8243; margin_top=&#8220;0&#8243; margin_bottom=&#8220;15&#8243; margin_right=&#8220;15&#8243; bg_color=&#8220;#000000&#8243; btn_hover_bg=&#8220;#0000000&#8243; btn_hover_txt_color=&#8220;#ffffff&#8220;] Karte[\/mk_button][\/vc_column_inner][vc_column_inner width=&#8220;1\/2&#8243;][\/vc_column_inner][vc_column_inner width=&#8220;1\/4&#8243;][\/vc_column_inner][\/vc_row_inner][\/vc_column][\/mk_page_section]\n<\/div>","protected":false},"excerpt":{"rendered":"<p>[mk_page_section bg_image=&#8220;https:\/\/www.croixblanche.ch\/wp-content\/uploads\/2015\/10\/gourmet-restaurant-murtensee4.jpg&#8220; attachment=&#8220;fixed&#8220; bg_position=&#8220;rechts oben&#8220; bg_repeat=&#8220;no-repeat&#8220; bg_stretch=&#8220;true&#8220; full_height=&#8220;true&#8220; padding_top=&#8220;20&#8243; padding_bottom=&#8220;200&#8243; el_class=&#8220;section1&#8243; sidebar=&#8220;sidebar-1&#8243;][vc_column][mk_padding_divider size=&#8220;140&#8243;][vc_row_inner][vc_column_inner width=&#8220;1\/4&#8243; css=&#8220;.vc_custom_1446317741931{background-color: rgba(215,213,174,0.8) !important;*background-color: rgb(215,213,174) !important;}&#8220;][mk_fancy_title color=&#8220;#000000&#8243; size=&#8220;26&#8243; font_weight=&#8220;bold&#8220; letter_spacing=&#8220;3&#8243; margin_top=&#8220;20&#8243; margin_bottom=&#8220;6&#8243; font_family=&#8220;none&#8220; align=&#8220;center&#8220;] RESTAURANT[\/mk_fancy_title][mk_fancy_title color=&#8220;#000000&#8243; font_weight=&#8220;300&#8243; margin_bottom=&#8220;6&#8243; font_family=&#8220;keine&#8220;]Die l\u00e4ndliche Gem\u00fctlichkeit in unserem stilvollen Restaurant, erm\u00f6glicht den Genuss kulinarischer K\u00f6stlichkeiten in entspannter Atmosph\u00e4re . Ausschliesslich saisonale und Marktfrische Produkte, weitgehend aus der [&hellip;]<\/p>\n","protected":false},"author":1,"featured_media":0,"parent":0,"menu_order":0,"comment_status":"closed","ping_status":"closed","template":"","meta":{"footnotes":""},"class_list":["post-6393","page","type-page","status-publish","hentry"],"yoast_head":"<!-- This site is optimized with the Yoast SEO plugin v27.4 - https:\/\/yoast.com\/product\/yoast-seo-wordpress\/ -->\n<title>Auberge de la Croix Blanche | Gourmet Restaurant Murtensee<\/title>\n<meta name=\"description\" content=\"Auberge de la Croix Blanche,\u00a0 Das Gourmet Restaurant in der Region Murtensee mit einen Michelin Stern.\u00a0\" \/>\n<meta name=\"robots\" content=\"index, follow, max-snippet:-1, max-image-preview:large, max-video-preview:-1\" \/>\n<link rel=\"canonical\" href=\"https:\/\/www.croixblanche.ch\/de\/gourmet-restaurant-murtensee\/\" \/>\n<meta property=\"og:locale\" content=\"de_DE\" \/>\n<meta property=\"og:type\" content=\"article\" \/>\n<meta property=\"og:title\" content=\"Auberge de la Croix Blanche | Gourmet Restaurant Murtensee\" \/>\n<meta property=\"og:description\" content=\"Auberge de la Croix Blanche,\u00a0 Das Gourmet Restaurant in der Region Murtensee mit einen Michelin Stern.\u00a0\" \/>\n<meta property=\"og:url\" content=\"https:\/\/www.croixblanche.ch\/de\/gourmet-restaurant-murtensee\/\" \/>\n<meta property=\"og:site_name\" content=\"Auberge de la Croix Blanche\" \/>\n<meta property=\"article:modified_time\" content=\"2026-04-16T15:47:07+00:00\" \/>\n<meta name=\"twitter:card\" content=\"summary_large_image\" \/>\n<meta name=\"twitter:label1\" content=\"Gesch\u00e4tzte Lesezeit\" \/>\n\t<meta name=\"twitter:data1\" content=\"1\u00a0Minute\" \/>\n<script type=\"application\/ld+json\" class=\"yoast-schema-graph\">{\"@context\":\"https:\\\/\\\/schema.org\",\"@graph\":[{\"@type\":\"WebPage\",\"@id\":\"https:\\\/\\\/www.croixblanche.ch\\\/de\\\/gourmet-restaurant-murtensee\\\/\",\"url\":\"https:\\\/\\\/www.croixblanche.ch\\\/de\\\/gourmet-restaurant-murtensee\\\/\",\"name\":\"Auberge de la Croix Blanche | Gourmet Restaurant Murtensee\",\"isPartOf\":{\"@id\":\"https:\\\/\\\/www.croixblanche.ch\\\/#website\"},\"datePublished\":\"2015-11-04T21:41:33+00:00\",\"dateModified\":\"2026-04-16T15:47:07+00:00\",\"description\":\"Auberge de la Croix Blanche,\u00a0 Das Gourmet Restaurant in der Region Murtensee mit einen Michelin Stern.\u00a0\",\"breadcrumb\":{\"@id\":\"https:\\\/\\\/www.croixblanche.ch\\\/de\\\/gourmet-restaurant-murtensee\\\/#breadcrumb\"},\"inLanguage\":\"de\",\"potentialAction\":[{\"@type\":\"ReadAction\",\"target\":[\"https:\\\/\\\/www.croixblanche.ch\\\/de\\\/gourmet-restaurant-murtensee\\\/\"]}]},{\"@type\":\"BreadcrumbList\",\"@id\":\"https:\\\/\\\/www.croixblanche.ch\\\/de\\\/gourmet-restaurant-murtensee\\\/#breadcrumb\",\"itemListElement\":[{\"@type\":\"ListItem\",\"position\":1,\"name\":\"Accueil\",\"item\":\"https:\\\/\\\/www.croixblanche.ch\\\/de\\\/\"},{\"@type\":\"ListItem\",\"position\":2,\"name\":\"Restaurant\"}]},{\"@type\":\"WebSite\",\"@id\":\"https:\\\/\\\/www.croixblanche.ch\\\/#website\",\"url\":\"https:\\\/\\\/www.croixblanche.ch\\\/\",\"name\":\"Auberge de la Croix Blanche\",\"description\":\"Hotel et Restaurant Lac de Morat\",\"publisher\":{\"@id\":\"https:\\\/\\\/www.croixblanche.ch\\\/#organization\"},\"potentialAction\":[{\"@type\":\"SearchAction\",\"target\":{\"@type\":\"EntryPoint\",\"urlTemplate\":\"https:\\\/\\\/www.croixblanche.ch\\\/?s={search_term_string}\"},\"query-input\":{\"@type\":\"PropertyValueSpecification\",\"valueRequired\":true,\"valueName\":\"search_term_string\"}}],\"inLanguage\":\"de\"},{\"@type\":\"Organization\",\"@id\":\"https:\\\/\\\/www.croixblanche.ch\\\/#organization\",\"name\":\"Auberge de la Croix Blanche\",\"url\":\"https:\\\/\\\/www.croixblanche.ch\\\/\",\"logo\":{\"@type\":\"ImageObject\",\"inLanguage\":\"de\",\"@id\":\"https:\\\/\\\/www.croixblanche.ch\\\/#\\\/schema\\\/logo\\\/image\\\/\",\"url\":\"https:\\\/\\\/www.croixblanche.ch\\\/wp-content\\\/uploads\\\/2022\\\/02\\\/logo.png\",\"contentUrl\":\"https:\\\/\\\/www.croixblanche.ch\\\/wp-content\\\/uploads\\\/2022\\\/02\\\/logo.png\",\"width\":546,\"height\":200,\"caption\":\"Auberge de la Croix Blanche\"},\"image\":{\"@id\":\"https:\\\/\\\/www.croixblanche.ch\\\/#\\\/schema\\\/logo\\\/image\\\/\"}}]}<\/script>\n<!-- \/ Yoast SEO plugin. -->","yoast_head_json":{"title":"Auberge de la Croix Blanche | Gourmet Restaurant Murtensee","description":"Auberge de la Croix Blanche,\u00a0 Das Gourmet Restaurant in der Region Murtensee mit einen Michelin Stern.\u00a0","robots":{"index":"index","follow":"follow","max-snippet":"max-snippet:-1","max-image-preview":"max-image-preview:large","max-video-preview":"max-video-preview:-1"},"canonical":"https:\/\/www.croixblanche.ch\/de\/gourmet-restaurant-murtensee\/","og_locale":"de_DE","og_type":"article","og_title":"Auberge de la Croix Blanche | Gourmet Restaurant Murtensee","og_description":"Auberge de la Croix Blanche,\u00a0 Das Gourmet Restaurant in der Region Murtensee mit einen Michelin Stern.\u00a0","og_url":"https:\/\/www.croixblanche.ch\/de\/gourmet-restaurant-murtensee\/","og_site_name":"Auberge de la Croix Blanche","article_modified_time":"2026-04-16T15:47:07+00:00","twitter_card":"summary_large_image","twitter_misc":{"Gesch\u00e4tzte Lesezeit":"1\u00a0Minute"},"schema":{"@context":"https:\/\/schema.org","@graph":[{"@type":"WebPage","@id":"https:\/\/www.croixblanche.ch\/de\/gourmet-restaurant-murtensee\/","url":"https:\/\/www.croixblanche.ch\/de\/gourmet-restaurant-murtensee\/","name":"Auberge de la Croix Blanche | Gourmet Restaurant Murtensee","isPartOf":{"@id":"https:\/\/www.croixblanche.ch\/#website"},"datePublished":"2015-11-04T21:41:33+00:00","dateModified":"2026-04-16T15:47:07+00:00","description":"Auberge de la Croix Blanche,\u00a0 Das Gourmet Restaurant in der Region Murtensee mit einen Michelin Stern.\u00a0","breadcrumb":{"@id":"https:\/\/www.croixblanche.ch\/de\/gourmet-restaurant-murtensee\/#breadcrumb"},"inLanguage":"de","potentialAction":[{"@type":"ReadAction","target":["https:\/\/www.croixblanche.ch\/de\/gourmet-restaurant-murtensee\/"]}]},{"@type":"BreadcrumbList","@id":"https:\/\/www.croixblanche.ch\/de\/gourmet-restaurant-murtensee\/#breadcrumb","itemListElement":[{"@type":"ListItem","position":1,"name":"Accueil","item":"https:\/\/www.croixblanche.ch\/de\/"},{"@type":"ListItem","position":2,"name":"Restaurant"}]},{"@type":"WebSite","@id":"https:\/\/www.croixblanche.ch\/#website","url":"https:\/\/www.croixblanche.ch\/","name":"Auberge de la Croix Blanche","description":"Hotel et Restaurant Lac de Morat","publisher":{"@id":"https:\/\/www.croixblanche.ch\/#organization"},"potentialAction":[{"@type":"SearchAction","target":{"@type":"EntryPoint","urlTemplate":"https:\/\/www.croixblanche.ch\/?s={search_term_string}"},"query-input":{"@type":"PropertyValueSpecification","valueRequired":true,"valueName":"search_term_string"}}],"inLanguage":"de"},{"@type":"Organization","@id":"https:\/\/www.croixblanche.ch\/#organization","name":"Auberge de la Croix Blanche","url":"https:\/\/www.croixblanche.ch\/","logo":{"@type":"ImageObject","inLanguage":"de","@id":"https:\/\/www.croixblanche.ch\/#\/schema\/logo\/image\/","url":"https:\/\/www.croixblanche.ch\/wp-content\/uploads\/2022\/02\/logo.png","contentUrl":"https:\/\/www.croixblanche.ch\/wp-content\/uploads\/2022\/02\/logo.png","width":546,"height":200,"caption":"Auberge de la Croix Blanche"},"image":{"@id":"https:\/\/www.croixblanche.ch\/#\/schema\/logo\/image\/"}}]}},"_links":{"self":[{"href":"https:\/\/www.croixblanche.ch\/de\/wp-json\/wp\/v2\/pages\/6393","targetHints":{"allow":["GET"]}}],"collection":[{"href":"https:\/\/www.croixblanche.ch\/de\/wp-json\/wp\/v2\/pages"}],"about":[{"href":"https:\/\/www.croixblanche.ch\/de\/wp-json\/wp\/v2\/types\/page"}],"author":[{"embeddable":true,"href":"https:\/\/www.croixblanche.ch\/de\/wp-json\/wp\/v2\/users\/1"}],"replies":[{"embeddable":true,"href":"https:\/\/www.croixblanche.ch\/de\/wp-json\/wp\/v2\/comments?post=6393"}],"version-history":[{"count":98,"href":"https:\/\/www.croixblanche.ch\/de\/wp-json\/wp\/v2\/pages\/6393\/revisions"}],"predecessor-version":[{"id":7827,"href":"https:\/\/www.croixblanche.ch\/de\/wp-json\/wp\/v2\/pages\/6393\/revisions\/7827"}],"wp:attachment":[{"href":"https:\/\/www.croixblanche.ch\/de\/wp-json\/wp\/v2\/media?parent=6393"}],"curies":[{"name":"wp","href":"https:\/\/api.w.org\/{rel}","templated":true}]}}