{"id":6389,"date":"2015-11-04T22:36:52","date_gmt":"2015-11-04T21:36:52","guid":{"rendered":"https:\/\/www.croixblanche.ch\/?page_id=6389&#038;lang=de"},"modified":"2020-01-31T11:43:53","modified_gmt":"2020-01-31T10:43:53","slug":"gourmet-restaurant-freiburg","status":"publish","type":"page","link":"https:\/\/www.croixblanche.ch\/de\/gourmet-restaurant-freiburg\/","title":{"rendered":"GASTGEBER"},"content":{"rendered":"<div class=\"wpb-content-wrapper\">[mk_page_section bg_image=&#8220;https:\/\/www.croixblanche.ch\/wp-content\/uploads\/2015\/10\/Restaurant-gastronomique-proche-fribourg3.jpg&#8220; attachment=&#8220;fixed&#8220; bg_position=&#8220;right top&#8220; bg_repeat=&#8220;no-repeat&#8220; bg_stretch=&#8220;true&#8220; full_height=&#8220;true&#8220; padding_top=&#8220;120&#8243; padding_bottom=&#8220;200&#8243; el_class=&#8220;section1&#8243; sidebar=&#8220;sidebar-1&#8243;][vc_column][vc_row_inner][vc_column_inner width=&#8220;1\/4&#8243; css=&#8220;.vc_custom_1446317741931{background-color: rgba(215,213,174,0.8) !important;*background-color: rgb(215,213,174) !important;}&#8220;][mk_fancy_title color=&#8220;#000000&#8243; size=&#8220;26&#8243; font_weight=&#8220;bold&#8220; letter_spacing=&#8220;3&#8243; margin_top=&#8220;20&#8243; font_family=&#8220;none&#8220; align=&#8220;center&#8220;]GASTGEBER[\/mk_fancy_title][mk_fancy_title color=&#8220;#000000&#8243; font_weight=&#8220;300&#8243; margin_bottom=&#8220;10&#8243; font_family=&#8220;none&#8220; align=&#8220;center&#8220;]\n<p style=\"text-align: justify;\">Herzlich Willkommen in der Auberge de le Croix Blanche in Villarepos.<\/p>\n<p style=\"text-align: justify;\"><em><strong>Villarepos-ez-Vous<\/strong><\/em>\u00a0: Ein Haus zum Geniessen, Entspannen und Ruhen.<\/p>\n<p style=\"text-align: justify;\">Unsere Auberge befindet sich mitten im kleinen Dorf Villarepos, oberhalb des Murtensees zwischen Murten und Avenches.<\/p>\n<p style=\"text-align: justify;\">Wir sind gl\u00fccklich in dieser wundersch\u00f6nen Region unsere kulinarischen Ideen umsetzen zu k\u00f6nnen.<\/p>\n<p style=\"text-align: justify;\">Es w\u00fcrde uns sehr freuen, Sie bei uns begr\u00fcssen zu d\u00fcrfen.<\/p>\n[\/mk_fancy_title][mk_fancy_title color=&#8220;#000000&#8243; font_weight=&#8220;300&#8243; margin_bottom=&#8220;10&#8243; font_family=&#8220;none&#8220; align=&#8220;center&#8220;]\n<p style=\"text-align: center;\">Christa und Arno Ab\u00e4cherli-Bauters<\/p>\n[\/mk_fancy_title][\/vc_column_inner][vc_column_inner width=&#8220;1\/2&#8243;][\/vc_column_inner][vc_column_inner width=&#8220;1\/4&#8243;][\/vc_column_inner][\/vc_row_inner][\/vc_column][\/mk_page_section]\n<\/div>","protected":false},"excerpt":{"rendered":"<p>[mk_page_section bg_image=&#8220;https:\/\/www.croixblanche.ch\/wp-content\/uploads\/2015\/10\/Restaurant-gastronomique-proche-fribourg3.jpg&#8220; attachment=&#8220;fixed&#8220; bg_position=&#8220;right top&#8220; bg_repeat=&#8220;no-repeat&#8220; bg_stretch=&#8220;true&#8220; full_height=&#8220;true&#8220; padding_top=&#8220;120&#8243; padding_bottom=&#8220;200&#8243; el_class=&#8220;section1&#8243; sidebar=&#8220;sidebar-1&#8243;][vc_column][vc_row_inner][vc_column_inner width=&#8220;1\/4&#8243; css=&#8220;.vc_custom_1446317741931{background-color: rgba(215,213,174,0.8) !important;*background-color: rgb(215,213,174) !important;}&#8220;][mk_fancy_title color=&#8220;#000000&#8243; size=&#8220;26&#8243; font_weight=&#8220;bold&#8220; letter_spacing=&#8220;3&#8243; margin_top=&#8220;20&#8243; font_family=&#8220;none&#8220; align=&#8220;center&#8220;]GASTGEBER[\/mk_fancy_title][mk_fancy_title color=&#8220;#000000&#8243; font_weight=&#8220;300&#8243; margin_bottom=&#8220;10&#8243; font_family=&#8220;none&#8220; align=&#8220;center&#8220;] Herzlich Willkommen in der Auberge de le Croix Blanche in Villarepos. Villarepos-ez-Vous\u00a0: Ein Haus zum Geniessen, Entspannen und Ruhen. Unsere Auberge befindet sich mitten im [&hellip;]<\/p>\n","protected":false},"author":1,"featured_media":0,"parent":0,"menu_order":0,"comment_status":"closed","ping_status":"closed","template":"","meta":{"footnotes":""},"class_list":["post-6389","page","type-page","status-publish","hentry"],"yoast_head":"<!-- This site is optimized with the Yoast SEO plugin v27.4 - https:\/\/yoast.com\/product\/yoast-seo-wordpress\/ -->\n<title>Auberge de la Croix Blanche | Gourmet Restaurant freiburg<\/title>\n<meta name=\"description\" content=\"Auberge de la CroixBlanche Gourmet Restaurant in der n\u00e4he von Fribourg mit Michelin Stern. Marktorientierte, Saisonale K\u00fcche\u00a0\" \/>\n<meta name=\"robots\" content=\"index, follow, max-snippet:-1, max-image-preview:large, max-video-preview:-1\" \/>\n<link rel=\"canonical\" href=\"https:\/\/www.croixblanche.ch\/de\/gourmet-restaurant-freiburg\/\" \/>\n<meta property=\"og:locale\" content=\"de_DE\" \/>\n<meta property=\"og:type\" content=\"article\" \/>\n<meta property=\"og:title\" content=\"Auberge de la Croix Blanche | Gourmet Restaurant freiburg\" \/>\n<meta property=\"og:description\" content=\"Auberge de la CroixBlanche Gourmet Restaurant in der n\u00e4he von Fribourg mit Michelin Stern. Marktorientierte, Saisonale K\u00fcche\u00a0\" \/>\n<meta property=\"og:url\" content=\"https:\/\/www.croixblanche.ch\/de\/gourmet-restaurant-freiburg\/\" \/>\n<meta property=\"og:site_name\" content=\"Auberge de la Croix Blanche\" \/>\n<meta property=\"article:modified_time\" content=\"2020-01-31T10:43:53+00:00\" \/>\n<meta name=\"twitter:card\" content=\"summary_large_image\" \/>\n<meta name=\"twitter:label1\" content=\"Gesch\u00e4tzte Lesezeit\" \/>\n\t<meta name=\"twitter:data1\" content=\"1\u00a0Minute\" \/>\n<script type=\"application\/ld+json\" class=\"yoast-schema-graph\">{\"@context\":\"https:\\\/\\\/schema.org\",\"@graph\":[{\"@type\":\"WebPage\",\"@id\":\"https:\\\/\\\/www.croixblanche.ch\\\/de\\\/gourmet-restaurant-freiburg\\\/\",\"url\":\"https:\\\/\\\/www.croixblanche.ch\\\/de\\\/gourmet-restaurant-freiburg\\\/\",\"name\":\"Auberge de la Croix Blanche | Gourmet Restaurant freiburg\",\"isPartOf\":{\"@id\":\"https:\\\/\\\/www.croixblanche.ch\\\/#website\"},\"datePublished\":\"2015-11-04T21:36:52+00:00\",\"dateModified\":\"2020-01-31T10:43:53+00:00\",\"description\":\"Auberge de la CroixBlanche Gourmet Restaurant in der n\u00e4he von Fribourg mit Michelin Stern. Marktorientierte, Saisonale K\u00fcche\u00a0\",\"breadcrumb\":{\"@id\":\"https:\\\/\\\/www.croixblanche.ch\\\/de\\\/gourmet-restaurant-freiburg\\\/#breadcrumb\"},\"inLanguage\":\"de\",\"potentialAction\":[{\"@type\":\"ReadAction\",\"target\":[\"https:\\\/\\\/www.croixblanche.ch\\\/de\\\/gourmet-restaurant-freiburg\\\/\"]}]},{\"@type\":\"BreadcrumbList\",\"@id\":\"https:\\\/\\\/www.croixblanche.ch\\\/de\\\/gourmet-restaurant-freiburg\\\/#breadcrumb\",\"itemListElement\":[{\"@type\":\"ListItem\",\"position\":1,\"name\":\"Accueil\",\"item\":\"https:\\\/\\\/www.croixblanche.ch\\\/de\\\/\"},{\"@type\":\"ListItem\",\"position\":2,\"name\":\"GASTGEBER\"}]},{\"@type\":\"WebSite\",\"@id\":\"https:\\\/\\\/www.croixblanche.ch\\\/#website\",\"url\":\"https:\\\/\\\/www.croixblanche.ch\\\/\",\"name\":\"Auberge de la Croix Blanche\",\"description\":\"Hotel et Restaurant Lac de Morat\",\"publisher\":{\"@id\":\"https:\\\/\\\/www.croixblanche.ch\\\/#organization\"},\"potentialAction\":[{\"@type\":\"SearchAction\",\"target\":{\"@type\":\"EntryPoint\",\"urlTemplate\":\"https:\\\/\\\/www.croixblanche.ch\\\/?s={search_term_string}\"},\"query-input\":{\"@type\":\"PropertyValueSpecification\",\"valueRequired\":true,\"valueName\":\"search_term_string\"}}],\"inLanguage\":\"de\"},{\"@type\":\"Organization\",\"@id\":\"https:\\\/\\\/www.croixblanche.ch\\\/#organization\",\"name\":\"Auberge de la Croix Blanche\",\"url\":\"https:\\\/\\\/www.croixblanche.ch\\\/\",\"logo\":{\"@type\":\"ImageObject\",\"inLanguage\":\"de\",\"@id\":\"https:\\\/\\\/www.croixblanche.ch\\\/#\\\/schema\\\/logo\\\/image\\\/\",\"url\":\"https:\\\/\\\/www.croixblanche.ch\\\/wp-content\\\/uploads\\\/2022\\\/02\\\/logo.png\",\"contentUrl\":\"https:\\\/\\\/www.croixblanche.ch\\\/wp-content\\\/uploads\\\/2022\\\/02\\\/logo.png\",\"width\":546,\"height\":200,\"caption\":\"Auberge de la Croix Blanche\"},\"image\":{\"@id\":\"https:\\\/\\\/www.croixblanche.ch\\\/#\\\/schema\\\/logo\\\/image\\\/\"}}]}<\/script>\n<!-- \/ Yoast SEO plugin. -->","yoast_head_json":{"title":"Auberge de la Croix Blanche | Gourmet Restaurant freiburg","description":"Auberge de la CroixBlanche Gourmet Restaurant in der n\u00e4he von Fribourg mit Michelin Stern. Marktorientierte, Saisonale K\u00fcche\u00a0","robots":{"index":"index","follow":"follow","max-snippet":"max-snippet:-1","max-image-preview":"max-image-preview:large","max-video-preview":"max-video-preview:-1"},"canonical":"https:\/\/www.croixblanche.ch\/de\/gourmet-restaurant-freiburg\/","og_locale":"de_DE","og_type":"article","og_title":"Auberge de la Croix Blanche | Gourmet Restaurant freiburg","og_description":"Auberge de la CroixBlanche Gourmet Restaurant in der n\u00e4he von Fribourg mit Michelin Stern. Marktorientierte, Saisonale K\u00fcche\u00a0","og_url":"https:\/\/www.croixblanche.ch\/de\/gourmet-restaurant-freiburg\/","og_site_name":"Auberge de la Croix Blanche","article_modified_time":"2020-01-31T10:43:53+00:00","twitter_card":"summary_large_image","twitter_misc":{"Gesch\u00e4tzte Lesezeit":"1\u00a0Minute"},"schema":{"@context":"https:\/\/schema.org","@graph":[{"@type":"WebPage","@id":"https:\/\/www.croixblanche.ch\/de\/gourmet-restaurant-freiburg\/","url":"https:\/\/www.croixblanche.ch\/de\/gourmet-restaurant-freiburg\/","name":"Auberge de la Croix Blanche | Gourmet Restaurant freiburg","isPartOf":{"@id":"https:\/\/www.croixblanche.ch\/#website"},"datePublished":"2015-11-04T21:36:52+00:00","dateModified":"2020-01-31T10:43:53+00:00","description":"Auberge de la CroixBlanche Gourmet Restaurant in der n\u00e4he von Fribourg mit Michelin Stern. Marktorientierte, Saisonale K\u00fcche\u00a0","breadcrumb":{"@id":"https:\/\/www.croixblanche.ch\/de\/gourmet-restaurant-freiburg\/#breadcrumb"},"inLanguage":"de","potentialAction":[{"@type":"ReadAction","target":["https:\/\/www.croixblanche.ch\/de\/gourmet-restaurant-freiburg\/"]}]},{"@type":"BreadcrumbList","@id":"https:\/\/www.croixblanche.ch\/de\/gourmet-restaurant-freiburg\/#breadcrumb","itemListElement":[{"@type":"ListItem","position":1,"name":"Accueil","item":"https:\/\/www.croixblanche.ch\/de\/"},{"@type":"ListItem","position":2,"name":"GASTGEBER"}]},{"@type":"WebSite","@id":"https:\/\/www.croixblanche.ch\/#website","url":"https:\/\/www.croixblanche.ch\/","name":"Auberge de la Croix Blanche","description":"Hotel et Restaurant Lac de Morat","publisher":{"@id":"https:\/\/www.croixblanche.ch\/#organization"},"potentialAction":[{"@type":"SearchAction","target":{"@type":"EntryPoint","urlTemplate":"https:\/\/www.croixblanche.ch\/?s={search_term_string}"},"query-input":{"@type":"PropertyValueSpecification","valueRequired":true,"valueName":"search_term_string"}}],"inLanguage":"de"},{"@type":"Organization","@id":"https:\/\/www.croixblanche.ch\/#organization","name":"Auberge de la Croix Blanche","url":"https:\/\/www.croixblanche.ch\/","logo":{"@type":"ImageObject","inLanguage":"de","@id":"https:\/\/www.croixblanche.ch\/#\/schema\/logo\/image\/","url":"https:\/\/www.croixblanche.ch\/wp-content\/uploads\/2022\/02\/logo.png","contentUrl":"https:\/\/www.croixblanche.ch\/wp-content\/uploads\/2022\/02\/logo.png","width":546,"height":200,"caption":"Auberge de la Croix Blanche"},"image":{"@id":"https:\/\/www.croixblanche.ch\/#\/schema\/logo\/image\/"}}]}},"_links":{"self":[{"href":"https:\/\/www.croixblanche.ch\/de\/wp-json\/wp\/v2\/pages\/6389","targetHints":{"allow":["GET"]}}],"collection":[{"href":"https:\/\/www.croixblanche.ch\/de\/wp-json\/wp\/v2\/pages"}],"about":[{"href":"https:\/\/www.croixblanche.ch\/de\/wp-json\/wp\/v2\/types\/page"}],"author":[{"embeddable":true,"href":"https:\/\/www.croixblanche.ch\/de\/wp-json\/wp\/v2\/users\/1"}],"replies":[{"embeddable":true,"href":"https:\/\/www.croixblanche.ch\/de\/wp-json\/wp\/v2\/comments?post=6389"}],"version-history":[{"count":16,"href":"https:\/\/www.croixblanche.ch\/de\/wp-json\/wp\/v2\/pages\/6389\/revisions"}],"predecessor-version":[{"id":7298,"href":"https:\/\/www.croixblanche.ch\/de\/wp-json\/wp\/v2\/pages\/6389\/revisions\/7298"}],"wp:attachment":[{"href":"https:\/\/www.croixblanche.ch\/de\/wp-json\/wp\/v2\/media?parent=6389"}],"curies":[{"name":"wp","href":"https:\/\/api.w.org\/{rel}","templated":true}]}}